{"id":160,"date":"2026-02-05T09:59:26","date_gmt":"2026-02-05T08:59:26","guid":{"rendered":"https:\/\/011school.bbsw-worms.de\/?page_id=160"},"modified":"2026-03-21T00:57:29","modified_gmt":"2026-03-20T23:57:29","slug":"ueber-uns","status":"publish","type":"page","link":"https:\/\/011school.bbsw-worms.de\/?page_id=160","title":{"rendered":"\u00dcber uns"},"content":{"rendered":"\t\t<div data-elementor-type=\"wp-page\" data-elementor-id=\"160\" class=\"elementor elementor-160\">\n\t\t\t\t<div class=\"elementor-element elementor-element-9fc04d2 e-flex e-con-boxed e-con e-parent\" data-id=\"9fc04d2\" data-element_type=\"container\" data-e-type=\"container\">\n\t\t\t\t\t<div class=\"e-con-inner\">\n\t\t<div class=\"elementor-element elementor-element-1dd17b4 e-con-full e-flex e-con e-child\" data-id=\"1dd17b4\" data-element_type=\"container\" data-e-type=\"container\">\n\t\t\t\t<div class=\"elementor-element elementor-element-81d9b28 elementor-widget elementor-widget-heading\" data-id=\"81d9b28\" data-element_type=\"widget\" data-e-type=\"widget\" data-widget_type=\"heading.default\">\n\t\t\t\t\t<h2 class=\"elementor-heading-title elementor-size-default\">Unsere Philosophie<\/h2>\t\t\t\t<\/div>\n\t\t\t\t<\/div>\n\t\t\t\t\t<\/div>\n\t\t\t\t<\/div>\n\t\t<div class=\"elementor-element elementor-element-8541e11 e-flex e-con-boxed e-con e-parent\" data-id=\"8541e11\" data-element_type=\"container\" data-e-type=\"container\">\n\t\t\t\t\t<div class=\"e-con-inner\">\n\t\t<div class=\"elementor-element elementor-element-6d6b0d9 e-con-full e-flex e-con e-child\" data-id=\"6d6b0d9\" data-element_type=\"container\" data-e-type=\"container\">\n\t\t\t\t<div class=\"elementor-element elementor-element-040d932 elementor-widget__width-initial animated-slow elementor-invisible elementor-widget elementor-widget-text-editor\" data-id=\"040d932\" data-element_type=\"widget\" data-e-type=\"widget\" data-settings=\"{&quot;_animation&quot;:&quot;fadeIn&quot;}\" data-widget_type=\"text-editor.default\">\n\t\t\t\t\t\t\t\t\t<p class=\"preFade fadeIn\">Bei Anila Pilates verbinden wir die klassische Pilates-Methode in ihrer urspr\u00fcnglichen Form mit einem modernen, ganzheitlichen Ansatz. Inspiriert von Joseph Pilates selbst, arbeiten wir mit Pr\u00e4zision, Kontrolle und bewusster Atmung und begleiten dich in jeder Stunde dabei, ein neues K\u00f6rperbewusstsein zu entwickeln, Kraft und Beweglichkeit aufzubauen und innere Balance zu finden.<\/p><p class=\"preFade fadeIn\">Unser Studio ist mehr als nur ein Trainingsraum: Es ist ein Ort, an dem du ankommen, zur Ruhe kommen und dich rundum wohlf\u00fchlen kannst. Von der Einrichtung bis zu jedem kleinen Detail ja, sogar die Schere in der K\u00fcche passt zum Interior, haben wir alles so gestaltet, dass du dich inspiriert f\u00fchlst und gern Zeit bei uns verbringst.<\/p><p class=\"preFade fadeIn\">Jede Stunde ist strukturiert und klar aufgebaut, gleichzeitig aber achtsam und unterst\u00fctzend. Wir legen gro\u00dfen Wert auf pers\u00f6nliche Begleitung, sodass du auf deinem individuellen Weg gef\u00f6rdert wirst. Pilates bei uns ist nicht nur Training, sondern eine Praxis, die K\u00f6rper, Geist und Seele gleicherma\u00dfen st\u00e4rkt, ein Moment der Ruhe, der Entschleunigung und der Konzentration, der weit \u00fcber die Stunde hinaus wirkt.<\/p><p class=\"preFade fadeIn\">Mit Anila Pilates m\u00f6chten wir einen Ort geschaffen haben, an dem Pilates zu einem Lebensgef\u00fchl wird: ein Raum, in dem du Energie tankst, innere Balance findest und dich in deinem K\u00f6rper zuhause f\u00fchlst, \u00e4sthetisch, achtsam und nachhaltig.<\/p>\t\t\t\t\t\t\t\t<\/div>\n\t\t\t\t<\/div>\n\t\t<div class=\"elementor-element elementor-element-305b11f e-con-full e-flex e-con e-child\" data-id=\"305b11f\" data-element_type=\"container\" data-e-type=\"container\">\n\t\t\t\t<div class=\"elementor-element elementor-element-79c2725 elementor-widget__width-initial elementor-widget elementor-widget-image\" data-id=\"79c2725\" data-element_type=\"widget\" data-e-type=\"widget\" data-widget_type=\"image.default\">\n\t\t\t\t\t\t\t\t\t\t\t\t\t\t\t<img fetchpriority=\"high\" decoding=\"async\" width=\"696\" height=\"1024\" src=\"https:\/\/011school.bbsw-worms.de\/wp-content\/uploads\/2026\/03\/IMG_49442-696x1024.webp\" class=\"attachment-large size-large wp-image-284\" alt=\"\" srcset=\"https:\/\/011school.bbsw-worms.de\/wp-content\/uploads\/2026\/03\/IMG_49442-696x1024.webp 696w, https:\/\/011school.bbsw-worms.de\/wp-content\/uploads\/2026\/03\/IMG_49442-204x300.webp 204w, https:\/\/011school.bbsw-worms.de\/wp-content\/uploads\/2026\/03\/IMG_49442-768x1130.webp 768w, https:\/\/011school.bbsw-worms.de\/wp-content\/uploads\/2026\/03\/IMG_49442-1043x1536.webp 1043w, https:\/\/011school.bbsw-worms.de\/wp-content\/uploads\/2026\/03\/IMG_49442-1391x2048.webp 1391w, https:\/\/011school.bbsw-worms.de\/wp-content\/uploads\/2026\/03\/IMG_49442-scaled.webp 1739w\" sizes=\"100vw\" \/>\t\t\t\t\t\t\t\t\t\t\t\t\t\t\t<\/div>\n\t\t\t\t<\/div>\n\t\t\t\t\t<\/div>\n\t\t\t\t<\/div>\n\t\t<div class=\"elementor-element elementor-element-54e1217 e-flex e-con-boxed e-con e-parent\" data-id=\"54e1217\" data-element_type=\"container\" data-e-type=\"container\">\n\t\t\t\t\t<div class=\"e-con-inner\">\n\t\t\t\t<div class=\"elementor-element elementor-element-fb7210f elementor-widget__width-initial elementor-widget elementor-widget-heading\" data-id=\"fb7210f\" data-element_type=\"widget\" data-e-type=\"widget\" data-widget_type=\"heading.default\">\n\t\t\t\t\t<h2 class=\"elementor-heading-title elementor-size-default\">Meet our founder<\/h2>\t\t\t\t<\/div>\n\t\t\t\t\t<\/div>\n\t\t\t\t<\/div>\n\t\t<div class=\"elementor-element elementor-element-049cf1f e-con-full e-flex e-con e-parent\" data-id=\"049cf1f\" data-element_type=\"container\" data-e-type=\"container\">\n\t\t<div class=\"elementor-element elementor-element-48f3353 e-con-full e-flex e-con e-child\" data-id=\"48f3353\" data-element_type=\"container\" data-e-type=\"container\">\n\t\t\t\t<div class=\"elementor-element elementor-element-af5b407 elementor-widget elementor-widget-image\" data-id=\"af5b407\" data-element_type=\"widget\" data-e-type=\"widget\" data-widget_type=\"image.default\">\n\t\t\t\t\t\t\t\t\t\t\t\t\t\t\t<img decoding=\"async\" width=\"683\" height=\"1024\" src=\"https:\/\/011school.bbsw-worms.de\/wp-content\/uploads\/2026\/03\/tempImagefg1Kye-1-683x1024.webp\" class=\"attachment-large size-large wp-image-313\" alt=\"\" srcset=\"https:\/\/011school.bbsw-worms.de\/wp-content\/uploads\/2026\/03\/tempImagefg1Kye-1-683x1024.webp 683w, https:\/\/011school.bbsw-worms.de\/wp-content\/uploads\/2026\/03\/tempImagefg1Kye-1-200x300.webp 200w, https:\/\/011school.bbsw-worms.de\/wp-content\/uploads\/2026\/03\/tempImagefg1Kye-1-768x1152.webp 768w, https:\/\/011school.bbsw-worms.de\/wp-content\/uploads\/2026\/03\/tempImagefg1Kye-1-1024x1536.webp 1024w, https:\/\/011school.bbsw-worms.de\/wp-content\/uploads\/2026\/03\/tempImagefg1Kye-1-1365x2048.webp 1365w, https:\/\/011school.bbsw-worms.de\/wp-content\/uploads\/2026\/03\/tempImagefg1Kye-1-scaled.webp 1707w\" sizes=\"100vw\" \/>\t\t\t\t\t\t\t\t\t\t\t\t\t\t\t<\/div>\n\t\t\t\t<\/div>\n\t\t<div class=\"elementor-element elementor-element-16c5b17 e-con-full e-flex e-con e-child\" data-id=\"16c5b17\" data-element_type=\"container\" data-e-type=\"container\">\n\t\t\t\t<div class=\"elementor-element elementor-element-cb648e8 animated-slow elementor-invisible elementor-widget elementor-widget-n-accordion\" data-id=\"cb648e8\" data-element_type=\"widget\" data-e-type=\"widget\" data-settings=\"{&quot;_animation&quot;:&quot;fadeIn&quot;,&quot;default_state&quot;:&quot;expanded&quot;,&quot;max_items_expended&quot;:&quot;one&quot;,&quot;n_accordion_animation_duration&quot;:{&quot;unit&quot;:&quot;ms&quot;,&quot;size&quot;:400,&quot;sizes&quot;:[]}}\" data-widget_type=\"nested-accordion.default\">\n\t\t\t\t\t\t\t<div class=\"e-n-accordion\" aria-label=\"Accordion. Open links with Enter or Space, close with Escape, and navigate with Arrow Keys\">\n\t\t\t\t\t\t<details id=\"e-n-accordion-item-2130\" class=\"e-n-accordion-item\" open>\n\t\t\t\t<summary class=\"e-n-accordion-item-title\" data-accordion-index=\"1\" tabindex=\"0\" aria-expanded=\"true\" aria-controls=\"e-n-accordion-item-2130\" >\n\t\t\t\t\t<span class='e-n-accordion-item-title-header'><div class=\"e-n-accordion-item-title-text\"> \u00dcber Caroline <\/div><\/span>\n\t\t\t\t\t\t\t<span class='e-n-accordion-item-title-icon'>\n\t\t\t<span class='e-opened' ><svg aria-hidden=\"true\" class=\"e-font-icon-svg e-fas-minus\" viewBox=\"0 0 448 512\" xmlns=\"http:\/\/www.w3.org\/2000\/svg\"><path d=\"M416 208H32c-17.67 0-32 14.33-32 32v32c0 17.67 14.33 32 32 32h384c17.67 0 32-14.33 32-32v-32c0-17.67-14.33-32-32-32z\"><\/path><\/svg><\/span>\n\t\t\t<span class='e-closed'><svg aria-hidden=\"true\" class=\"e-font-icon-svg e-fas-plus\" viewBox=\"0 0 448 512\" xmlns=\"http:\/\/www.w3.org\/2000\/svg\"><path d=\"M416 208H272V64c0-17.67-14.33-32-32-32h-32c-17.67 0-32 14.33-32 32v144H32c-17.67 0-32 14.33-32 32v32c0 17.67 14.33 32 32 32h144v144c0 17.67 14.33 32 32 32h32c17.67 0 32-14.33 32-32V304h144c17.67 0 32-14.33 32-32v-32c0-17.67-14.33-32-32-32z\"><\/path><\/svg><\/span>\n\t\t<\/span>\n\n\t\t\t\t\t\t<\/summary>\n\t\t\t\t<div role=\"region\" aria-labelledby=\"e-n-accordion-item-2130\" class=\"elementor-element elementor-element-44f4b0f e-con-full e-flex e-con e-child\" data-id=\"44f4b0f\" data-element_type=\"container\" data-e-type=\"container\">\n\t\t\t\t<div class=\"elementor-element elementor-element-bbdc5ac elementor-widget elementor-widget-text-editor\" data-id=\"bbdc5ac\" data-element_type=\"widget\" data-e-type=\"widget\" data-widget_type=\"text-editor.default\">\n\t\t\t\t\t\t\t\t\t<p class=\"preFade fadeIn\" data-rte-preserve-empty=\"true\">Seit ihrer ersten Reformer-Pilates-Stunde in Kanada vor sechs Jahren geh\u00f6rt Pilates zu ihrem Leben, so selbstverst\u00e4ndlich wie ihr morgendlicher Matcha.<\/p><p class=\"preFade fadeIn\" data-rte-preserve-empty=\"true\">Direkt danach hat sie ihre STOTT-Pilates-Ausbildung in Kanada absolviert und ein paar Jahre sp\u00e4ter dann ihren Traum verwirklicht und ihr eigenes Studio in Mannheim er\u00f6ffnet. Caroline\u00a0liebt alles, was sch\u00f6n ist: \u00c4sthetik, Architektur, Interior und das spiegelt sich auch in ihrem Studio wider. Jeder Winkel, jedes Detail, von den Farben bis zu den Lichtakzenten, ist so gestaltet, dass man sofort zur Ruhe kommt.<\/p><p class=\"preFade fadeIn\" data-rte-preserve-empty=\"true\">F\u00fcr sie soll Pilates nicht nach einem gezwungenen Workout aussehen, sondern sich eher wie ein Mini-Spa-Moment anf\u00fchlen, in dem man sich wohlf\u00fchlt, Energie tankt und den Alltag drau\u00dfen l\u00e4sst.<\/p><p class=\"preFade fadeIn\" data-rte-preserve-empty=\"true\">Gesundheit ist f\u00fcr Caroline mehr als nur Sport, sie denkt ganzheitlich und ist ein echter Freak, wenn es um alles geht, was K\u00f6rper, Geist und Wohlbefinden st\u00e4rkt.<\/p><p class=\"preFade fadeIn\" data-rte-preserve-empty=\"true\">Und ja, sie plant ihre Urlaube, Caf\u00e9s und Restaurants genauso sorgf\u00e4ltig wie ihr Studio: alles muss inspirierend, stimmig und einfach sch\u00f6n sein.<\/p>\t\t\t\t\t\t\t\t<\/div>\n\t\t\t\t<\/div>\n\t\t\t\t\t<\/details>\n\t\t\t\t\t<\/div>\n\t\t\t\t\t\t<\/div>\n\t\t\t\t<\/div>\n\t\t<div class=\"elementor-element elementor-element-c5e2977 e-con-full e-flex e-con e-child\" data-id=\"c5e2977\" data-element_type=\"container\" data-e-type=\"container\">\n\t\t\t\t<div class=\"elementor-element elementor-element-12242ab animated-slow elementor-invisible elementor-widget elementor-widget-n-accordion\" data-id=\"12242ab\" data-element_type=\"widget\" data-e-type=\"widget\" data-settings=\"{&quot;_animation&quot;:&quot;fadeIn&quot;,&quot;default_state&quot;:&quot;expanded&quot;,&quot;max_items_expended&quot;:&quot;one&quot;,&quot;n_accordion_animation_duration&quot;:{&quot;unit&quot;:&quot;ms&quot;,&quot;size&quot;:400,&quot;sizes&quot;:[]}}\" data-widget_type=\"nested-accordion.default\">\n\t\t\t\t\t\t\t<div class=\"e-n-accordion\" aria-label=\"Accordion. Open links with Enter or Space, close with Escape, and navigate with Arrow Keys\">\n\t\t\t\t\t\t<details id=\"e-n-accordion-item-1900\" class=\"e-n-accordion-item\" open>\n\t\t\t\t<summary class=\"e-n-accordion-item-title\" data-accordion-index=\"1\" tabindex=\"0\" aria-expanded=\"true\" aria-controls=\"e-n-accordion-item-1900\" >\n\t\t\t\t\t<span class='e-n-accordion-item-title-header'><div class=\"e-n-accordion-item-title-text\"> Warum Anila Pilates? <\/div><\/span>\n\t\t\t\t\t\t\t<span class='e-n-accordion-item-title-icon'>\n\t\t\t<span class='e-opened' ><svg aria-hidden=\"true\" class=\"e-font-icon-svg e-fas-minus\" viewBox=\"0 0 448 512\" xmlns=\"http:\/\/www.w3.org\/2000\/svg\"><path d=\"M416 208H32c-17.67 0-32 14.33-32 32v32c0 17.67 14.33 32 32 32h384c17.67 0 32-14.33 32-32v-32c0-17.67-14.33-32-32-32z\"><\/path><\/svg><\/span>\n\t\t\t<span class='e-closed'><svg aria-hidden=\"true\" class=\"e-font-icon-svg e-fas-plus\" viewBox=\"0 0 448 512\" xmlns=\"http:\/\/www.w3.org\/2000\/svg\"><path d=\"M416 208H272V64c0-17.67-14.33-32-32-32h-32c-17.67 0-32 14.33-32 32v144H32c-17.67 0-32 14.33-32 32v32c0 17.67 14.33 32 32 32h144v144c0 17.67 14.33 32 32 32h32c17.67 0 32-14.33 32-32V304h144c17.67 0 32-14.33 32-32v-32c0-17.67-14.33-32-32-32z\"><\/path><\/svg><\/span>\n\t\t<\/span>\n\n\t\t\t\t\t\t<\/summary>\n\t\t\t\t<div role=\"region\" aria-labelledby=\"e-n-accordion-item-1900\" class=\"elementor-element elementor-element-0e65929 e-con-full e-flex e-con e-child\" data-id=\"0e65929\" data-element_type=\"container\" data-e-type=\"container\">\n\t\t<div role=\"region\" aria-labelledby=\"e-n-accordion-item-1900\" class=\"elementor-element elementor-element-681af0a e-flex e-con-boxed e-con e-child\" data-id=\"681af0a\" data-element_type=\"container\" data-e-type=\"container\">\n\t\t\t\t\t<div class=\"e-con-inner\">\n\t\t\t\t<div class=\"elementor-element elementor-element-981af95 elementor-widget elementor-widget-text-editor\" data-id=\"981af95\" data-element_type=\"widget\" data-e-type=\"widget\" data-widget_type=\"text-editor.default\">\n\t\t\t\t\t\t\t\t\t<p class=\"preFade fadeIn\" data-rte-preserve-empty=\"true\">Caroline wusste schon nach ihrer Ausbildung in Kanada: Die Kraft und Freude von Reformer-Pilates muss sie mit anderen teilen.<\/p><p class=\"preFade fadeIn\" data-rte-preserve-empty=\"true\">Zur\u00fcck in ihrer Heimatstadt hat sie schnell gemerkt, dass genau das hier fehlt: ein Ort, der modernes Pilates mit einem ganzheitlichen Ansatz verbindet aber dennoch klassische Elemente enth\u00e4lt.<\/p><p class=\"preFade fadeIn\" data-rte-preserve-empty=\"true\">Ein Raum, in dem es nicht nur ums Training geht, sondern um das gesamte Wohlbefinden.<\/p><p class=\"preFade fadeIn\" data-rte-preserve-empty=\"true\">Mit Anila Pilates hat sie genau diesen Ort geschaffen. Ein Studio, das inspiriert, durch die Einrichtung, die Atmosph\u00e4re und die Liebe zum Detail. Hier soll man sich sofort wohlf\u00fchlen, zur Ruhe kommen und sich auf den eigenen K\u00f6rper einlassen k\u00f6nnen.<\/p><p class=\"preFade fadeIn\" data-rte-preserve-empty=\"true\">F\u00fcr Caroline ist jede Stunde ein Moment, in dem du Kraft tankst, Balance findest und langfristig etwas f\u00fcr deine Gesundheit tust.<\/p><p class=\"preFade fadeIn\" data-rte-preserve-empty=\"true\">Ihr Ziel war es von Anfang an, Pilates nicht nur als Sport, sondern als Lebensgef\u00fchl erlebbar zu machen, ein Platz, an dem man entspannt, Energie auftankt und sich rundum zuhause f\u00fchlt.<\/p>\t\t\t\t\t\t\t\t<\/div>\n\t\t\t\t\t<\/div>\n\t\t\t\t<\/div>\n\t\t\t\t<\/div>\n\t\t\t\t\t<\/details>\n\t\t\t\t\t<\/div>\n\t\t\t\t\t\t<\/div>\n\t\t\t\t<\/div>\n\t\t<div class=\"elementor-element elementor-element-9ec2013 e-con-full e-flex e-con e-child\" data-id=\"9ec2013\" data-element_type=\"container\" data-e-type=\"container\">\n\t\t\t\t<div class=\"elementor-element elementor-element-6243ecc elementor-widget elementor-widget-image\" data-id=\"6243ecc\" data-element_type=\"widget\" data-e-type=\"widget\" data-widget_type=\"image.default\">\n\t\t\t\t\t\t\t\t\t\t\t\t\t\t\t<img decoding=\"async\" width=\"697\" height=\"1024\" src=\"https:\/\/011school.bbsw-worms.de\/wp-content\/uploads\/2026\/03\/IMG_49482-697x1024.webp\" class=\"attachment-large size-large wp-image-282\" alt=\"\" srcset=\"https:\/\/011school.bbsw-worms.de\/wp-content\/uploads\/2026\/03\/IMG_49482-697x1024.webp 697w, https:\/\/011school.bbsw-worms.de\/wp-content\/uploads\/2026\/03\/IMG_49482-204x300.webp 204w, https:\/\/011school.bbsw-worms.de\/wp-content\/uploads\/2026\/03\/IMG_49482-768x1129.webp 768w, https:\/\/011school.bbsw-worms.de\/wp-content\/uploads\/2026\/03\/IMG_49482-1045x1536.webp 1045w, https:\/\/011school.bbsw-worms.de\/wp-content\/uploads\/2026\/03\/IMG_49482-1393x2048.webp 1393w, https:\/\/011school.bbsw-worms.de\/wp-content\/uploads\/2026\/03\/IMG_49482-scaled.webp 1741w\" sizes=\"100vw\" \/>\t\t\t\t\t\t\t\t\t\t\t\t\t\t\t<\/div>\n\t\t\t\t<\/div>\n\t\t\t\t<\/div>\n\t\t\t\t<\/div>\n\t\t","protected":false},"excerpt":{"rendered":"<p>Unsere Philosophie Bei Anila Pilates verbinden wir die klassische Pilates-Methode in ihrer urspr\u00fcnglichen Form mit einem modernen, ganzheitlichen Ansatz. Inspiriert von Joseph Pilates selbst, arbeiten wir mit Pr\u00e4zision, Kontrolle und bewusster Atmung und begleiten dich in jeder Stunde dabei, ein neues K\u00f6rperbewusstsein zu entwickeln, Kraft und Beweglichkeit aufzubauen und innere Balance zu finden. Unser Studio &hellip; <\/p>\n<p class=\"link-more\"><a href=\"https:\/\/011school.bbsw-worms.de\/?page_id=160\" class=\"more-link\">Mehr <span class=\"screen-reader-text\">\u00fcber &#8222;\u00dcber uns&#8220; <\/span>Lesen<\/a><\/p>\n","protected":false},"author":2,"featured_media":0,"parent":0,"menu_order":0,"comment_status":"closed","ping_status":"closed","template":"","meta":{"inspiro_hide_title":false,"footnotes":""},"class_list":["post-160","page","type-page","status-publish","hentry"],"aioseo_notices":[],"_links":{"self":[{"href":"https:\/\/011school.bbsw-worms.de\/index.php?rest_route=\/wp\/v2\/pages\/160","targetHints":{"allow":["GET"]}}],"collection":[{"href":"https:\/\/011school.bbsw-worms.de\/index.php?rest_route=\/wp\/v2\/pages"}],"about":[{"href":"https:\/\/011school.bbsw-worms.de\/index.php?rest_route=\/wp\/v2\/types\/page"}],"author":[{"embeddable":true,"href":"https:\/\/011school.bbsw-worms.de\/index.php?rest_route=\/wp\/v2\/users\/2"}],"replies":[{"embeddable":true,"href":"https:\/\/011school.bbsw-worms.de\/index.php?rest_route=%2Fwp%2Fv2%2Fcomments&post=160"}],"version-history":[{"count":10,"href":"https:\/\/011school.bbsw-worms.de\/index.php?rest_route=\/wp\/v2\/pages\/160\/revisions"}],"predecessor-version":[{"id":430,"href":"https:\/\/011school.bbsw-worms.de\/index.php?rest_route=\/wp\/v2\/pages\/160\/revisions\/430"}],"wp:attachment":[{"href":"https:\/\/011school.bbsw-worms.de\/index.php?rest_route=%2Fwp%2Fv2%2Fmedia&parent=160"}],"curies":[{"name":"wp","href":"https:\/\/api.w.org\/{rel}","templated":true}]}}